{"id":2252,"date":"2025-01-16T10:14:28","date_gmt":"2025-01-16T09:14:28","guid":{"rendered":"https:\/\/szpitalswjozefa.pl\/?page_id=2252"},"modified":"2025-01-16T10:28:44","modified_gmt":"2025-01-16T09:28:44","slug":"nocna-i-swiateczna-opieka-zdrowotna","status":"publish","type":"page","link":"https:\/\/szpitalswjozefa.pl\/?page_id=2252","title":{"rendered":"Nocna i \u015awi\u0105teczna Opieka Zdrowotna"},"content":{"rendered":"\t\t<div data-elementor-type=\"wp-page\" data-elementor-id=\"2252\" class=\"elementor elementor-2252\">\n\t\t\t\t<div class=\"elementor-element elementor-element-3e1c479 e-flex e-con-boxed e-con e-parent\" data-id=\"3e1c479\" data-element_type=\"container\">\n\t\t\t\t\t<div class=\"e-con-inner\">\n\t\t\t\t<div class=\"elementor-element elementor-element-5b1fb00 elementor-widget elementor-widget-text-editor\" data-id=\"5b1fb00\" data-element_type=\"widget\" data-widget_type=\"text-editor.default\">\n\t\t\t\t<div class=\"elementor-widget-container\">\n\t\t\t\t\t\t\t\t\t<p><strong>NOCNA I \u015aWI\u0104TECZNA OPIEKA ZDROWOTNA<br \/><\/strong><strong>(<\/strong>Dla os\u00f3b powy\u017cej 18 roku \u017cycia)<\/p><p><strong>t<\/strong>el. 32\u00a0322 40 63<br \/><strong>t<\/strong>el. 32 226 59 77-80<strong><br \/><\/strong><a href=\"mailto:nocnaopieka@szpitalswjozef.pl\">nocnaopieka@szpitalswjozef.pl<\/a><\/p>\t\t\t\t\t\t\t\t<\/div>\n\t\t\t\t<\/div>\n\t\t\t\t\t<\/div>\n\t\t\t\t<\/div>\n\t\t<div class=\"elementor-element elementor-element-332a5ab e-flex e-con-boxed e-con e-parent\" data-id=\"332a5ab\" data-element_type=\"container\">\n\t\t\t\t\t<div class=\"e-con-inner\">\n\t\t\t\t<div class=\"elementor-element elementor-element-d6ae6b3 elementor-widget elementor-widget-text-editor\" data-id=\"d6ae6b3\" data-element_type=\"widget\" data-widget_type=\"text-editor.default\">\n\t\t\t\t<div class=\"elementor-widget-container\">\n\t\t\t\t\t\t\t\t\t<p>Nocna i \u015bwi\u0105teczna opieka zdrowotna to \u015bwiadczenia w zakresie podstawowej opieki zdrowotnej. Udzielane s\u0105 od\u00a0poniedzia\u0142ku do pi\u0105tku w godzinach od 18.00 do 8.00 dnia nast\u0119pnego oraz ca\u0142odobowo w\u00a0dni ustawowo wolne od\u00a0pracy.<\/p><p>WA\u017bNE: W razie nag\u0142ego zachorowania lub nag\u0142ego pogorszenia stanu zdrowia mo\u017cesz uda\u0107 si\u0119 po pomoc do dowolnego punktu nocnej i \u015bwi\u0105tecznej opieki zdrowotnej, niezale\u017cnie od tego, gdzie mieszkasz!<\/p>\t\t\t\t\t\t\t\t<\/div>\n\t\t\t\t<\/div>\n\t\t\t\t\t<\/div>\n\t\t\t\t<\/div>\n\t\t<div class=\"elementor-element elementor-element-b6cdfb3 e-flex e-con-boxed e-con e-parent\" data-id=\"b6cdfb3\" data-element_type=\"container\">\n\t\t\t\t\t<div class=\"e-con-inner\">\n\t\t\t\t<div class=\"elementor-element elementor-element-494294b elementor-arrows-position-inside elementor-pagination-position-outside elementor-widget elementor-widget-image-carousel\" data-id=\"494294b\" data-element_type=\"widget\" data-settings=\"{&quot;navigation&quot;:&quot;both&quot;,&quot;autoplay&quot;:&quot;yes&quot;,&quot;pause_on_hover&quot;:&quot;yes&quot;,&quot;pause_on_interaction&quot;:&quot;yes&quot;,&quot;autoplay_speed&quot;:5000,&quot;infinite&quot;:&quot;yes&quot;,&quot;speed&quot;:500}\" data-widget_type=\"image-carousel.default\">\n\t\t\t\t<div class=\"elementor-widget-container\">\n\t\t\t\t\t\t\t<div class=\"elementor-image-carousel-wrapper swiper\" role=\"region\" aria-roledescription=\"carousel\" aria-label=\"Karuzela obrazk\u00f3w\" dir=\"ltr\">\n\t\t\t<div class=\"elementor-image-carousel swiper-wrapper\" aria-live=\"off\">\n\t\t\t\t\t\t\t\t<div class=\"swiper-slide\" role=\"group\" aria-roledescription=\"slide\" aria-label=\"1 z 3\"><figure class=\"swiper-slide-inner\"><img decoding=\"async\" class=\"swiper-slide-image\" src=\"https:\/\/szpitalswjozefa.pl\/wp-content\/uploads\/2025\/01\/DSC_1-138-300x200.jpg\" alt=\"DSC_1-138\" \/><\/figure><\/div><div class=\"swiper-slide\" role=\"group\" aria-roledescription=\"slide\" aria-label=\"2 z 3\"><figure class=\"swiper-slide-inner\"><img decoding=\"async\" class=\"swiper-slide-image\" src=\"https:\/\/szpitalswjozefa.pl\/wp-content\/uploads\/2025\/01\/DSC_1-141-300x200.jpg\" alt=\"DSC_1-141\" \/><\/figure><\/div><div class=\"swiper-slide\" role=\"group\" aria-roledescription=\"slide\" aria-label=\"3 z 3\"><figure class=\"swiper-slide-inner\"><img decoding=\"async\" class=\"swiper-slide-image\" src=\"https:\/\/szpitalswjozefa.pl\/wp-content\/uploads\/2025\/01\/DSC_1-142-300x200.jpg\" alt=\"DSC_1-142\" \/><\/figure><\/div>\t\t\t<\/div>\n\t\t\t\t\t\t\t\t\t\t\t\t<div class=\"elementor-swiper-button elementor-swiper-button-prev\" role=\"button\" tabindex=\"0\">\n\t\t\t\t\t\t<svg aria-hidden=\"true\" class=\"e-font-icon-svg e-eicon-chevron-left\" viewBox=\"0 0 1000 1000\" xmlns=\"http:\/\/www.w3.org\/2000\/svg\"><path d=\"M646 125C629 125 613 133 604 142L308 442C296 454 292 471 292 487 292 504 296 521 308 533L604 854C617 867 629 875 646 875 663 875 679 871 692 858 704 846 713 829 713 812 713 796 708 779 692 767L438 487 692 225C700 217 708 204 708 187 708 171 704 154 692 142 675 129 663 125 646 125Z\"><\/path><\/svg>\t\t\t\t\t<\/div>\n\t\t\t\t\t<div class=\"elementor-swiper-button elementor-swiper-button-next\" role=\"button\" tabindex=\"0\">\n\t\t\t\t\t\t<svg aria-hidden=\"true\" class=\"e-font-icon-svg e-eicon-chevron-right\" viewBox=\"0 0 1000 1000\" xmlns=\"http:\/\/www.w3.org\/2000\/svg\"><path d=\"M696 533C708 521 713 504 713 487 713 471 708 454 696 446L400 146C388 133 375 125 354 125 338 125 325 129 313 142 300 154 292 171 292 187 292 204 296 221 308 233L563 492 304 771C292 783 288 800 288 817 288 833 296 850 308 863 321 871 338 875 354 875 371 875 388 867 400 854L696 533Z\"><\/path><\/svg>\t\t\t\t\t<\/div>\n\t\t\t\t\n\t\t\t\t\t\t\t\t\t<div class=\"swiper-pagination\"><\/div>\n\t\t\t\t\t\t\t\t\t<\/div>\n\t\t\t\t\t\t<\/div>\n\t\t\t\t<\/div>\n\t\t\t\t\t<\/div>\n\t\t\t\t<\/div>\n\t\t\t\t<\/div>\n\t\t","protected":false},"excerpt":{"rendered":"<p>NOCNA I \u015aWI\u0104TECZNA OPIEKA ZDROWOTNA(Dla os\u00f3b powy\u017cej 18 roku \u017cycia) tel. 32\u00a0322 40 63tel. 32 226 59 77-80nocnaopieka@szpitalswjozef.pl Nocna i \u015bwi\u0105teczna opieka zdrowotna to \u015bwiadczenia w zakresie podstawowej opieki zdrowotnej. Udzielane s\u0105 od\u00a0poniedzia\u0142ku do pi\u0105tku w godzinach od 18.00 do 8.00 dnia nast\u0119pnego oraz ca\u0142odobowo w\u00a0dni ustawowo wolne od\u00a0pracy. WA\u017bNE: W razie nag\u0142ego zachorowania lub&hellip; <br \/> <a class=\"read-more\" href=\"https:\/\/szpitalswjozefa.pl\/?page_id=2252\">Dowiedz si\u0119 wi\u0119cej<\/a><\/p>\n","protected":false},"author":1,"featured_media":0,"parent":0,"menu_order":0,"comment_status":"closed","ping_status":"closed","template":"","meta":{"footnotes":""},"class_list":["post-2252","page","type-page","status-publish","hentry"],"_links":{"self":[{"href":"https:\/\/szpitalswjozefa.pl\/index.php?rest_route=\/wp\/v2\/pages\/2252","targetHints":{"allow":["GET"]}}],"collection":[{"href":"https:\/\/szpitalswjozefa.pl\/index.php?rest_route=\/wp\/v2\/pages"}],"about":[{"href":"https:\/\/szpitalswjozefa.pl\/index.php?rest_route=\/wp\/v2\/types\/page"}],"author":[{"embeddable":true,"href":"https:\/\/szpitalswjozefa.pl\/index.php?rest_route=\/wp\/v2\/users\/1"}],"replies":[{"embeddable":true,"href":"https:\/\/szpitalswjozefa.pl\/index.php?rest_route=%2Fwp%2Fv2%2Fcomments&post=2252"}],"version-history":[{"count":10,"href":"https:\/\/szpitalswjozefa.pl\/index.php?rest_route=\/wp\/v2\/pages\/2252\/revisions"}],"predecessor-version":[{"id":2273,"href":"https:\/\/szpitalswjozefa.pl\/index.php?rest_route=\/wp\/v2\/pages\/2252\/revisions\/2273"}],"wp:attachment":[{"href":"https:\/\/szpitalswjozefa.pl\/index.php?rest_route=%2Fwp%2Fv2%2Fmedia&parent=2252"}],"curies":[{"name":"wp","href":"https:\/\/api.w.org\/{rel}","templated":true}]}}