{"id":2260,"date":"2025-01-16T10:19:07","date_gmt":"2025-01-16T09:19:07","guid":{"rendered":"https:\/\/szpitalswjozefa.pl\/?page_id=2260"},"modified":"2026-03-05T11:15:29","modified_gmt":"2026-03-05T10:15:29","slug":"poradnia-chirurgii-urazowo-ortopedyczna","status":"publish","type":"page","link":"https:\/\/szpitalswjozefa.pl\/?page_id=2260","title":{"rendered":"Poradnia Chirurgii Urazowo-Ortopedyczna"},"content":{"rendered":"\t\t<div data-elementor-type=\"wp-page\" data-elementor-id=\"2260\" class=\"elementor elementor-2260\">\n\t\t\t\t<div class=\"elementor-element elementor-element-87d9c55 e-flex e-con-boxed e-con e-parent\" data-id=\"87d9c55\" data-element_type=\"container\">\n\t\t\t\t\t<div class=\"e-con-inner\">\n\t\t\t\t<div class=\"elementor-element elementor-element-fd00c55 elementor-widget elementor-widget-text-editor\" data-id=\"fd00c55\" data-element_type=\"widget\" data-widget_type=\"text-editor.default\">\n\t\t\t\t<div class=\"elementor-widget-container\">\n\t\t\t\t\t\t\t\t\t<p>PORADNIA CHIRUGII URAZOWO-ORTOPEDYYCZNEJ<\/p><p>tel. 32 322 40 62<br \/>tel. 32\u00a0226 59 77 i 79<br \/><a href=\"mailto:poradnia@szpitalswjozef.pl\">poradnia@szpitalswjozef.pl<\/a><\/p><div><p>Rejestracja telefoniczna w godz. 8:00-14:00<\/p><p>\u00a0<\/p><\/div><p>Poniedzia\u0142ek\u00a0 8:00-18:00<br \/>Wtorek 8:00-18:00<br \/>\u015aroda 8:00-15:00<br \/>Czwartek\u00a0 8:00-18:00<br \/>Pi\u0105tek 8:00-15:00<\/p><p>\u00a0<\/p>\t\t\t\t\t\t\t\t<\/div>\n\t\t\t\t<\/div>\n\t\t\t\t\t<\/div>\n\t\t\t\t<\/div>\n\t\t<div class=\"elementor-element elementor-element-7e02462 e-flex e-con-boxed e-con e-parent\" data-id=\"7e02462\" data-element_type=\"container\">\n\t\t\t\t\t<div class=\"e-con-inner\">\n\t\t\t\t<div class=\"elementor-element elementor-element-939bffc elementor-widget elementor-widget-text-editor\" data-id=\"939bffc\" data-element_type=\"widget\" data-widget_type=\"text-editor.default\">\n\t\t\t\t<div class=\"elementor-widget-container\">\n\t\t\t\t\t\t\t\t\t<p>W naszej poradni oferujemy specjalistyczn\u0105 pomoc w diagnostyce i leczeniu uraz\u00f3w, uszkodze\u0144 oraz schorze\u0144 narz\u0105du ruchu, w tym:<\/p><ul><li>Zmiany zwyrodnieniowe staw\u00f3w (np. biodrowego, kolanowego, ramiennego)<\/li><li>Uszkodzenia wi\u0105zade\u0142, \u0142\u0105kotki, stawu ramiennego<\/li><li>Urazy: skr\u0119cenia, zwichni\u0119cia, z\u0142amania<\/li><li>Choroby r\u0119ki (np. zesp\u00f3\u0142 cie\u015bni nadgarstka, palec trzaskaj\u0105cy)<\/li><li>Zmiany przeci\u0105\u017ceniowe (\u0142okie\u0107 tenisisty, zapalenie kaletki)<\/li><li>Choroby stopy (paluch ko\u015blawy, ostroga pi\u0119towa)<\/li><li>Wady narz\u0105du ruchu doros\u0142ych (dysplazja staw\u00f3w biodrowych)<\/li><li>Choroby zapalne ko\u015bci i staw\u00f3w<\/li><li>Iniekcje oko\u0142ostawowe i dostawowe<\/li><li>Zabiegi ambulatoryjne (np. zesp\u00f3\u0142 cie\u015bni nadgarstka, palec trzaskaj\u0105cy)<\/li><\/ul><p>W ramach wizyty odbywaj\u0105 si\u0119 tak\u017ce kwalifikacje do zabieg\u00f3w operacyjnych. Lekarze ortopedzi przeprowadzaj\u0105 r\u00f3wnie\u017c kontrol\u0119 pacjent\u00f3w po leczeniu szpitalnym.<\/p>\t\t\t\t\t\t\t\t<\/div>\n\t\t\t\t<\/div>\n\t\t\t\t\t<\/div>\n\t\t\t\t<\/div>\n\t\t<div class=\"elementor-element elementor-element-ff005b5 e-flex e-con-boxed e-con e-parent\" data-id=\"ff005b5\" data-element_type=\"container\">\n\t\t\t\t\t<div class=\"e-con-inner\">\n\t\t\t\t<div class=\"elementor-element elementor-element-579d968 elementor-arrows-position-inside elementor-pagination-position-outside elementor-widget elementor-widget-image-carousel\" data-id=\"579d968\" data-element_type=\"widget\" data-settings=\"{&quot;navigation&quot;:&quot;both&quot;,&quot;autoplay&quot;:&quot;yes&quot;,&quot;pause_on_hover&quot;:&quot;yes&quot;,&quot;pause_on_interaction&quot;:&quot;yes&quot;,&quot;autoplay_speed&quot;:5000,&quot;infinite&quot;:&quot;yes&quot;,&quot;speed&quot;:500}\" data-widget_type=\"image-carousel.default\">\n\t\t\t\t<div class=\"elementor-widget-container\">\n\t\t\t\t\t\t\t<div class=\"elementor-image-carousel-wrapper swiper\" role=\"region\" aria-roledescription=\"carousel\" aria-label=\"Karuzela obrazk\u00f3w\" dir=\"ltr\">\n\t\t\t<div class=\"elementor-image-carousel swiper-wrapper\" aria-live=\"off\">\n\t\t\t\t\t\t\t\t<div class=\"swiper-slide\" role=\"group\" aria-roledescription=\"slide\" aria-label=\"1 z 4\"><figure class=\"swiper-slide-inner\"><img decoding=\"async\" class=\"swiper-slide-image\" src=\"https:\/\/szpitalswjozefa.pl\/wp-content\/uploads\/2025\/01\/DSC_1-138-1-300x200.jpg\" alt=\"DSC_1-138\" \/><\/figure><\/div><div class=\"swiper-slide\" role=\"group\" aria-roledescription=\"slide\" aria-label=\"2 z 4\"><figure class=\"swiper-slide-inner\"><img decoding=\"async\" class=\"swiper-slide-image\" src=\"https:\/\/szpitalswjozefa.pl\/wp-content\/uploads\/2025\/01\/DSC_1-140-300x200.jpg\" alt=\"DSC_1-140\" \/><\/figure><\/div><div class=\"swiper-slide\" role=\"group\" aria-roledescription=\"slide\" aria-label=\"3 z 4\"><figure class=\"swiper-slide-inner\"><img decoding=\"async\" class=\"swiper-slide-image\" src=\"https:\/\/szpitalswjozefa.pl\/wp-content\/uploads\/2025\/01\/DSC_1-141-300x200.jpg\" alt=\"DSC_1-141\" \/><\/figure><\/div><div class=\"swiper-slide\" role=\"group\" aria-roledescription=\"slide\" aria-label=\"4 z 4\"><figure class=\"swiper-slide-inner\"><img decoding=\"async\" class=\"swiper-slide-image\" src=\"https:\/\/szpitalswjozefa.pl\/wp-content\/uploads\/2025\/01\/DSC_1-143-300x200.jpg\" alt=\"DSC_1-143\" \/><\/figure><\/div>\t\t\t<\/div>\n\t\t\t\t\t\t\t\t\t\t\t\t<div class=\"elementor-swiper-button elementor-swiper-button-prev\" role=\"button\" tabindex=\"0\">\n\t\t\t\t\t\t<svg aria-hidden=\"true\" class=\"e-font-icon-svg e-eicon-chevron-left\" viewBox=\"0 0 1000 1000\" xmlns=\"http:\/\/www.w3.org\/2000\/svg\"><path d=\"M646 125C629 125 613 133 604 142L308 442C296 454 292 471 292 487 292 504 296 521 308 533L604 854C617 867 629 875 646 875 663 875 679 871 692 858 704 846 713 829 713 812 713 796 708 779 692 767L438 487 692 225C700 217 708 204 708 187 708 171 704 154 692 142 675 129 663 125 646 125Z\"><\/path><\/svg>\t\t\t\t\t<\/div>\n\t\t\t\t\t<div class=\"elementor-swiper-button elementor-swiper-button-next\" role=\"button\" tabindex=\"0\">\n\t\t\t\t\t\t<svg aria-hidden=\"true\" class=\"e-font-icon-svg e-eicon-chevron-right\" viewBox=\"0 0 1000 1000\" xmlns=\"http:\/\/www.w3.org\/2000\/svg\"><path d=\"M696 533C708 521 713 504 713 487 713 471 708 454 696 446L400 146C388 133 375 125 354 125 338 125 325 129 313 142 300 154 292 171 292 187 292 204 296 221 308 233L563 492 304 771C292 783 288 800 288 817 288 833 296 850 308 863 321 871 338 875 354 875 371 875 388 867 400 854L696 533Z\"><\/path><\/svg>\t\t\t\t\t<\/div>\n\t\t\t\t\n\t\t\t\t\t\t\t\t\t<div class=\"swiper-pagination\"><\/div>\n\t\t\t\t\t\t\t\t\t<\/div>\n\t\t\t\t\t\t<\/div>\n\t\t\t\t<\/div>\n\t\t\t\t\t<\/div>\n\t\t\t\t<\/div>\n\t\t\t\t<\/div>\n\t\t","protected":false},"excerpt":{"rendered":"<p>PORADNIA CHIRUGII URAZOWO-ORTOPEDYYCZNEJ tel. 32 322 40 62tel. 32\u00a0226 59 77 i 79poradnia@szpitalswjozef.pl Rejestracja telefoniczna w godz. 8:00-14:00 \u00a0 Poniedzia\u0142ek\u00a0 8:00-18:00Wtorek 8:00-18:00\u015aroda 8:00-15:00Czwartek\u00a0 8:00-18:00Pi\u0105tek 8:00-15:00 \u00a0 W naszej poradni oferujemy specjalistyczn\u0105 pomoc w diagnostyce i leczeniu uraz\u00f3w, uszkodze\u0144 oraz schorze\u0144 narz\u0105du ruchu, w tym: Zmiany zwyrodnieniowe staw\u00f3w (np. biodrowego, kolanowego, ramiennego) Uszkodzenia wi\u0105zade\u0142, \u0142\u0105kotki, stawu&hellip; <br \/> <a class=\"read-more\" href=\"https:\/\/szpitalswjozefa.pl\/?page_id=2260\">Dowiedz si\u0119 wi\u0119cej<\/a><\/p>\n","protected":false},"author":1,"featured_media":0,"parent":0,"menu_order":0,"comment_status":"closed","ping_status":"closed","template":"","meta":{"footnotes":""},"class_list":["post-2260","page","type-page","status-publish","hentry"],"_links":{"self":[{"href":"https:\/\/szpitalswjozefa.pl\/index.php?rest_route=\/wp\/v2\/pages\/2260","targetHints":{"allow":["GET"]}}],"collection":[{"href":"https:\/\/szpitalswjozefa.pl\/index.php?rest_route=\/wp\/v2\/pages"}],"about":[{"href":"https:\/\/szpitalswjozefa.pl\/index.php?rest_route=\/wp\/v2\/types\/page"}],"author":[{"embeddable":true,"href":"https:\/\/szpitalswjozefa.pl\/index.php?rest_route=\/wp\/v2\/users\/1"}],"replies":[{"embeddable":true,"href":"https:\/\/szpitalswjozefa.pl\/index.php?rest_route=%2Fwp%2Fv2%2Fcomments&post=2260"}],"version-history":[{"count":7,"href":"https:\/\/szpitalswjozefa.pl\/index.php?rest_route=\/wp\/v2\/pages\/2260\/revisions"}],"predecessor-version":[{"id":4991,"href":"https:\/\/szpitalswjozefa.pl\/index.php?rest_route=\/wp\/v2\/pages\/2260\/revisions\/4991"}],"wp:attachment":[{"href":"https:\/\/szpitalswjozefa.pl\/index.php?rest_route=%2Fwp%2Fv2%2Fmedia&parent=2260"}],"curies":[{"name":"wp","href":"https:\/\/api.w.org\/{rel}","templated":true}]}}