{"id":2320,"date":"2025-01-16T11:11:04","date_gmt":"2025-01-16T10:11:04","guid":{"rendered":"https:\/\/szpitalswjozefa.pl\/?page_id=2320"},"modified":"2025-01-28T10:34:00","modified_gmt":"2025-01-28T09:34:00","slug":"pracownia-endoskopii","status":"publish","type":"page","link":"https:\/\/szpitalswjozefa.pl\/?page_id=2320","title":{"rendered":"Pracownia Endoskopii"},"content":{"rendered":"\t\t<div data-elementor-type=\"wp-page\" data-elementor-id=\"2320\" class=\"elementor elementor-2320\">\n\t\t\t\t<div class=\"elementor-element elementor-element-0432a49 e-flex e-con-boxed e-con e-parent\" data-id=\"0432a49\" data-element_type=\"container\">\n\t\t\t\t\t<div class=\"e-con-inner\">\n\t\t\t\t<div class=\"elementor-element elementor-element-da257a1 elementor-widget elementor-widget-text-editor\" data-id=\"da257a1\" data-element_type=\"widget\" data-widget_type=\"text-editor.default\">\n\t\t\t\t<div class=\"elementor-widget-container\">\n\t\t\t\t\t\t\t\t\t<p><strong>PRACOWNIA ENDOSKOPII<\/strong><\/p>\n<p><strong>t<\/strong>el. 32 226 59 77 do 80<br><a href=\"endoskopia@szpitalswjozef.pl\">endoskopia@szpitalswjozef.pl<\/a><\/p>\n<p>Pracownia czynna codziennie od poniedzia\u0142ku do pi\u0105tku w godzinach: 7:30 &#8211; 15:00<\/p>\t\t\t\t\t\t\t\t<\/div>\n\t\t\t\t<\/div>\n\t\t\t\t\t<\/div>\n\t\t\t\t<\/div>\n\t\t<div class=\"elementor-element elementor-element-513d0ee e-flex e-con-boxed e-con e-parent\" data-id=\"513d0ee\" data-element_type=\"container\">\n\t\t\t\t\t<div class=\"e-con-inner\">\n\t\t\t\t<div class=\"elementor-element elementor-element-613df82 elementor-widget elementor-widget-text-editor\" data-id=\"613df82\" data-element_type=\"widget\" data-widget_type=\"text-editor.default\">\n\t\t\t\t<div class=\"elementor-widget-container\">\n\t\t\t\t\t\t\t\t\t<ol><li><strong>Endoskopia (gastroskopia)<\/strong><\/li><\/ol><ul><li>Na 6 godzin przed badaniem by\u0107 na czczo (nie je\u015b\u0107, nie pi\u0107).<\/li><li>Unika\u0107 \u017cucia gumy i palenia papieros\u00f3w w dniu badania.<\/li><li>Przynie\u015b aktualne wyniki bada\u0144 krwi (np. wska\u017aniki krzepni\u0119cia, je\u015bli wymagane).<\/li><li>Poinformuj lekarza o przyjmowanych lekach, zw\u0142aszcza przeciwzakrzepowych.<\/li><\/ul><ol start=\"2\"><li><strong>Kolonoskopia<\/strong><\/li><\/ol><ul><li>Na 3 dni przed badaniem unika\u0107 pokarm\u00f3w bogatych w b\u0142onnik (np. owoc\u00f3w pestkowych, warzyw surowych, pe\u0142noziarnistego pieczywa).<\/li><li>Dzie\u0144 przed badaniem spo\u017cy\u0107 lekkostrawne \u015bniadanie, a nast\u0119pnie przyjmowa\u0107 tylko klarowne p\u0142yny (np. wod\u0119, bulion, herbat\u0119 bez mleka).<\/li><li>Przyj\u0105\u0107 \u015brodek przeczyszczaj\u0105cy zgodnie z zaleceniami lekarza (np. wieczorem przed badaniem).<\/li><li>Na 6 godzin przed badaniem nie pi\u0107 i nie je\u015b\u0107.<\/li><\/ul><p>Pracownia Endoskopii w Szpitalu \u015aw. J\u00f3zefa w Miko\u0142owie oferuje diagnostyk\u0119 endoskopow\u0105 przewodu pokarmowego, w tym gastroskopi\u0119 i kolonoskopi\u0119. Badania s\u0105 dost\u0119pne zar\u00f3wno w ramach kontraktu z NFZ, jak i prywatnie. Aby um\u00f3wi\u0107 si\u0119 na badanie w ramach NFZ, wymagane jest skierowanie od lekarza rodzinnego lub specjalisty.<\/p><p>Nasza pracownia to nowoczesna jednostka diagnostyczna, specjalizuj\u0105ca si\u0119 w badaniach przewodu pokarmowego, takich jak gastroskopia i kolonoskopia. Plac\u00f3wka oferuje badania zar\u00f3wno w trybie planowym, jak i w sytuacjach nag\u0142ych, wspieraj\u0105c proces diagnostyczny pacjent\u00f3w szpitalnych oraz ambulatoryjnych.<\/p><p>Badania s\u0105 wykonywane z wykorzystaniem nowoczesnego sprz\u0119tu, co gwarantuje dok\u0142adno\u015b\u0107 wynik\u00f3w i bezpiecze\u0144stwo pacjenta.<\/p>\t\t\t\t\t\t\t\t<\/div>\n\t\t\t\t<\/div>\n\t\t\t\t\t<\/div>\n\t\t\t\t<\/div>\n\t\t<div class=\"elementor-element elementor-element-6e95358 e-flex e-con-boxed e-con e-parent\" data-id=\"6e95358\" data-element_type=\"container\">\n\t\t\t\t\t<div class=\"e-con-inner\">\n\t\t\t\t<div class=\"elementor-element elementor-element-b95fbe3 elementor-arrows-position-inside elementor-pagination-position-outside elementor-widget elementor-widget-image-carousel\" data-id=\"b95fbe3\" data-element_type=\"widget\" data-settings=\"{&quot;navigation&quot;:&quot;both&quot;,&quot;autoplay&quot;:&quot;yes&quot;,&quot;pause_on_hover&quot;:&quot;yes&quot;,&quot;pause_on_interaction&quot;:&quot;yes&quot;,&quot;autoplay_speed&quot;:5000,&quot;infinite&quot;:&quot;yes&quot;,&quot;speed&quot;:500}\" data-widget_type=\"image-carousel.default\">\n\t\t\t\t<div class=\"elementor-widget-container\">\n\t\t\t\t\t\t\t<div class=\"elementor-image-carousel-wrapper swiper\" role=\"region\" aria-roledescription=\"carousel\" aria-label=\"Karuzela obrazk\u00f3w\" dir=\"ltr\">\n\t\t\t<div class=\"elementor-image-carousel swiper-wrapper\" aria-live=\"off\">\n\t\t\t\t\t\t\t\t<div class=\"swiper-slide\" role=\"group\" aria-roledescription=\"slide\" aria-label=\"1 z 5\"><figure class=\"swiper-slide-inner\"><img decoding=\"async\" class=\"swiper-slide-image\" src=\"https:\/\/szpitalswjozefa.pl\/wp-content\/uploads\/2025\/01\/DSC_1-105-150x150.jpg\" alt=\"DSC_1-105\" \/><\/figure><\/div><div class=\"swiper-slide\" role=\"group\" aria-roledescription=\"slide\" aria-label=\"2 z 5\"><figure class=\"swiper-slide-inner\"><img decoding=\"async\" class=\"swiper-slide-image\" src=\"https:\/\/szpitalswjozefa.pl\/wp-content\/uploads\/2025\/01\/DSC_1-106-150x150.jpg\" alt=\"DSC_1-106\" \/><\/figure><\/div><div class=\"swiper-slide\" role=\"group\" aria-roledescription=\"slide\" aria-label=\"3 z 5\"><figure class=\"swiper-slide-inner\"><img decoding=\"async\" class=\"swiper-slide-image\" src=\"https:\/\/szpitalswjozefa.pl\/wp-content\/uploads\/2025\/01\/DSC_1-111-150x150.jpg\" alt=\"DSC_1-111\" \/><\/figure><\/div><div class=\"swiper-slide\" role=\"group\" aria-roledescription=\"slide\" aria-label=\"4 z 5\"><figure class=\"swiper-slide-inner\"><img decoding=\"async\" class=\"swiper-slide-image\" src=\"https:\/\/szpitalswjozefa.pl\/wp-content\/uploads\/2025\/01\/DSC_1-112-150x150.jpg\" alt=\"DSC_1-112\" \/><\/figure><\/div><div class=\"swiper-slide\" role=\"group\" aria-roledescription=\"slide\" aria-label=\"5 z 5\"><figure class=\"swiper-slide-inner\"><img decoding=\"async\" class=\"swiper-slide-image\" src=\"https:\/\/szpitalswjozefa.pl\/wp-content\/uploads\/2025\/01\/DSC_1-114-150x150.jpg\" alt=\"DSC_1-114\" \/><\/figure><\/div>\t\t\t<\/div>\n\t\t\t\t\t\t\t\t\t\t\t\t<div class=\"elementor-swiper-button elementor-swiper-button-prev\" role=\"button\" tabindex=\"0\">\n\t\t\t\t\t\t<svg aria-hidden=\"true\" class=\"e-font-icon-svg e-eicon-chevron-left\" viewBox=\"0 0 1000 1000\" xmlns=\"http:\/\/www.w3.org\/2000\/svg\"><path d=\"M646 125C629 125 613 133 604 142L308 442C296 454 292 471 292 487 292 504 296 521 308 533L604 854C617 867 629 875 646 875 663 875 679 871 692 858 704 846 713 829 713 812 713 796 708 779 692 767L438 487 692 225C700 217 708 204 708 187 708 171 704 154 692 142 675 129 663 125 646 125Z\"><\/path><\/svg>\t\t\t\t\t<\/div>\n\t\t\t\t\t<div class=\"elementor-swiper-button elementor-swiper-button-next\" role=\"button\" tabindex=\"0\">\n\t\t\t\t\t\t<svg aria-hidden=\"true\" class=\"e-font-icon-svg e-eicon-chevron-right\" viewBox=\"0 0 1000 1000\" xmlns=\"http:\/\/www.w3.org\/2000\/svg\"><path d=\"M696 533C708 521 713 504 713 487 713 471 708 454 696 446L400 146C388 133 375 125 354 125 338 125 325 129 313 142 300 154 292 171 292 187 292 204 296 221 308 233L563 492 304 771C292 783 288 800 288 817 288 833 296 850 308 863 321 871 338 875 354 875 371 875 388 867 400 854L696 533Z\"><\/path><\/svg>\t\t\t\t\t<\/div>\n\t\t\t\t\n\t\t\t\t\t\t\t\t\t<div class=\"swiper-pagination\"><\/div>\n\t\t\t\t\t\t\t\t\t<\/div>\n\t\t\t\t\t\t<\/div>\n\t\t\t\t<\/div>\n\t\t\t\t\t<\/div>\n\t\t\t\t<\/div>\n\t\t\t\t<\/div>\n\t\t","protected":false},"excerpt":{"rendered":"<p>PRACOWNIA ENDOSKOPII tel. 32 226 59 77 do 80endoskopia@szpitalswjozef.pl Pracownia czynna codziennie od poniedzia\u0142ku do pi\u0105tku w godzinach: 7:30 &#8211; 15:00 Endoskopia (gastroskopia) Na 6 godzin przed badaniem by\u0107 na czczo (nie je\u015b\u0107, nie pi\u0107). Unika\u0107 \u017cucia gumy i palenia papieros\u00f3w w dniu badania. Przynie\u015b aktualne wyniki bada\u0144 krwi (np. wska\u017aniki krzepni\u0119cia, je\u015bli wymagane). Poinformuj&hellip; <br \/> <a class=\"read-more\" href=\"https:\/\/szpitalswjozefa.pl\/?page_id=2320\">Dowiedz si\u0119 wi\u0119cej<\/a><\/p>\n","protected":false},"author":1,"featured_media":0,"parent":0,"menu_order":0,"comment_status":"closed","ping_status":"closed","template":"","meta":{"footnotes":""},"class_list":["post-2320","page","type-page","status-publish","hentry"],"_links":{"self":[{"href":"https:\/\/szpitalswjozefa.pl\/index.php?rest_route=\/wp\/v2\/pages\/2320","targetHints":{"allow":["GET"]}}],"collection":[{"href":"https:\/\/szpitalswjozefa.pl\/index.php?rest_route=\/wp\/v2\/pages"}],"about":[{"href":"https:\/\/szpitalswjozefa.pl\/index.php?rest_route=\/wp\/v2\/types\/page"}],"author":[{"embeddable":true,"href":"https:\/\/szpitalswjozefa.pl\/index.php?rest_route=\/wp\/v2\/users\/1"}],"replies":[{"embeddable":true,"href":"https:\/\/szpitalswjozefa.pl\/index.php?rest_route=%2Fwp%2Fv2%2Fcomments&post=2320"}],"version-history":[{"count":7,"href":"https:\/\/szpitalswjozefa.pl\/index.php?rest_route=\/wp\/v2\/pages\/2320\/revisions"}],"predecessor-version":[{"id":2534,"href":"https:\/\/szpitalswjozefa.pl\/index.php?rest_route=\/wp\/v2\/pages\/2320\/revisions\/2534"}],"wp:attachment":[{"href":"https:\/\/szpitalswjozefa.pl\/index.php?rest_route=%2Fwp%2Fv2%2Fmedia&parent=2320"}],"curies":[{"name":"wp","href":"https:\/\/api.w.org\/{rel}","templated":true}]}}