{"id":287,"date":"2024-07-05T14:11:19","date_gmt":"2024-07-05T12:11:19","guid":{"rendered":"https:\/\/szpitalswjozefa.pl\/?page_id=287"},"modified":"2026-02-09T08:46:14","modified_gmt":"2026-02-09T07:46:14","slug":"kontakt","status":"publish","type":"page","link":"https:\/\/szpitalswjozefa.pl\/?page_id=287","title":{"rendered":"Kontakt"},"content":{"rendered":"\t\t<div data-elementor-type=\"wp-page\" data-elementor-id=\"287\" class=\"elementor elementor-287\">\n\t\t\t\t<div class=\"elementor-element elementor-element-6f0ef4e5 e-flex e-con-boxed e-con e-parent\" data-id=\"6f0ef4e5\" data-element_type=\"container\">\n\t\t\t\t\t<div class=\"e-con-inner\">\n\t\t\t\t<div class=\"elementor-element elementor-element-7d2f7578 elementor-widget elementor-widget-text-editor\" data-id=\"7d2f7578\" data-element_type=\"widget\" data-widget_type=\"text-editor.default\">\n\t\t\t\t<div class=\"elementor-widget-container\">\n\t\t\t\t\t\t\t\t\t<p>Szpital \u015bw. J\u00f3zefa Sp. z o.o.<br \/>ul. S. Okrzei 27<br \/>43-190 Miko\u0142\u00f3w<br \/>NIP: 635-15-72-989<br \/>REGON: 273717982<br \/>Nr konta bankowego:<br \/>PKO BP SA O\/TYCHY 32 1020 2528 0000 0202 0111 7795<\/p><p>Nr konta bankowego do wp\u0142aty Darowizn:<br \/>PKO BP SA O\/TYCHY 39 1020 2528 0000 0102 0111 8009<\/p><p>Dane kontaktowe:<br \/>Centrala tel. 32 226 59 78\/80<br \/>Fax: 32 226 59 75<br \/>e-mail: sekretariat@szpitalswjozef.pl<\/p><p>Adres e-dor\u0119cze\u0144: AE:PL-80398-95078-TRRDV-24\u00a0<\/p>\t\t\t\t\t\t\t\t<\/div>\n\t\t\t\t<\/div>\n\t\t\t\t\t<\/div>\n\t\t\t\t<\/div>\n\t\t<div class=\"elementor-element elementor-element-274a9cc e-flex e-con-boxed e-con e-parent\" data-id=\"274a9cc\" data-element_type=\"container\">\n\t\t\t\t\t<div class=\"e-con-inner\">\n\t\t\t\t<div class=\"elementor-element elementor-element-725a751 elementor-widget elementor-widget-google_maps\" data-id=\"725a751\" data-element_type=\"widget\" data-widget_type=\"google_maps.default\">\n\t\t\t\t<div class=\"elementor-widget-container\">\n\t\t\t\t\t\t\t<div class=\"elementor-custom-embed\">\n\t\t\t<iframe loading=\"lazy\"\n\t\t\t\t\tsrc=\"https:\/\/maps.google.com\/maps?q=Parking%20Szpitala%20%C5%9Bw.%20J%C3%B3zefa%20Sp.%20z%20o.o.&#038;t=m&#038;z=17&#038;output=embed&#038;iwloc=near\"\n\t\t\t\t\ttitle=\"Parking Szpitala \u015bw. J\u00f3zefa Sp. z o.o.\"\n\t\t\t\t\taria-label=\"Parking Szpitala \u015bw. J\u00f3zefa Sp. z o.o.\"\n\t\t\t><\/iframe>\n\t\t<\/div>\n\t\t\t\t\t\t<\/div>\n\t\t\t\t<\/div>\n\t\t\t\t\t<\/div>\n\t\t\t\t<\/div>\n\t\t\t\t<\/div>\n\t\t","protected":false},"excerpt":{"rendered":"<p>Szpital \u015bw. J\u00f3zefa Sp. z o.o.ul. S. Okrzei 2743-190 Miko\u0142\u00f3wNIP: 635-15-72-989REGON: 273717982Nr konta bankowego:PKO BP SA O\/TYCHY 32 1020 2528 0000 0202 0111 7795 Nr konta bankowego do wp\u0142aty Darowizn:PKO BP SA O\/TYCHY 39 1020 2528 0000 0102 0111 8009 Dane kontaktowe:Centrala tel. 32 226 59 78\/80Fax: 32 226 59 75e-mail: sekretariat@szpitalswjozef.pl Adres e-dor\u0119cze\u0144: AE:PL-80398-95078-TRRDV-24\u00a0<\/p>\n","protected":false},"author":1,"featured_media":0,"parent":0,"menu_order":0,"comment_status":"closed","ping_status":"closed","template":"","meta":{"footnotes":""},"class_list":["post-287","page","type-page","status-publish","hentry"],"_links":{"self":[{"href":"https:\/\/szpitalswjozefa.pl\/index.php?rest_route=\/wp\/v2\/pages\/287","targetHints":{"allow":["GET"]}}],"collection":[{"href":"https:\/\/szpitalswjozefa.pl\/index.php?rest_route=\/wp\/v2\/pages"}],"about":[{"href":"https:\/\/szpitalswjozefa.pl\/index.php?rest_route=\/wp\/v2\/types\/page"}],"author":[{"embeddable":true,"href":"https:\/\/szpitalswjozefa.pl\/index.php?rest_route=\/wp\/v2\/users\/1"}],"replies":[{"embeddable":true,"href":"https:\/\/szpitalswjozefa.pl\/index.php?rest_route=%2Fwp%2Fv2%2Fcomments&post=287"}],"version-history":[{"count":16,"href":"https:\/\/szpitalswjozefa.pl\/index.php?rest_route=\/wp\/v2\/pages\/287\/revisions"}],"predecessor-version":[{"id":4911,"href":"https:\/\/szpitalswjozefa.pl\/index.php?rest_route=\/wp\/v2\/pages\/287\/revisions\/4911"}],"wp:attachment":[{"href":"https:\/\/szpitalswjozefa.pl\/index.php?rest_route=%2Fwp%2Fv2%2Fmedia&parent=287"}],"curies":[{"name":"wp","href":"https:\/\/api.w.org\/{rel}","templated":true}]}}